{"id":217,"date":"2025-12-03T15:19:34","date_gmt":"2025-12-03T15:19:34","guid":{"rendered":"https:\/\/pureglowaesthetic.com\/?page_id=217"},"modified":"2025-12-03T19:53:42","modified_gmt":"2025-12-03T19:53:42","slug":"privacy-policy","status":"publish","type":"page","link":"https:\/\/pureglowaesthetic.com\/es\/privacy-policy\/","title":{"rendered":"pol\u00edtica de privacidad"},"content":{"rendered":"<div data-elementor-type=\"wp-page\" data-elementor-id=\"217\" class=\"elementor elementor-217\" data-elementor-post-type=\"page\">\n\t\t\t\t\t\t<section class=\"elementor-section elementor-top-section elementor-element elementor-element-6d1e6d00 elementor-section-boxed elementor-section-height-default elementor-section-height-default\" data-id=\"6d1e6d00\" data-element_type=\"section\" data-settings=\"{&quot;background_background&quot;:&quot;classic&quot;}\">\n\t\t\t\t\t\t\t<div class=\"elementor-background-overlay\"><\/div>\n\t\t\t\t\t\t\t<div class=\"elementor-container elementor-column-gap-default\">\n\t\t\t\t\t<div class=\"elementor-column elementor-col-100 elementor-top-column elementor-element elementor-element-cd28d5f\" data-id=\"cd28d5f\" data-element_type=\"column\">\n\t\t\t<div class=\"elementor-widget-wrap elementor-element-populated\">\n\t\t\t\t\t\t<div class=\"elementor-element elementor-element-7026abfa elementor-invisible elementor-widget elementor-widget-heading\" data-id=\"7026abfa\" data-element_type=\"widget\" data-settings=\"{&quot;_animation&quot;:&quot;fadeInUp&quot;,&quot;_animation_delay&quot;:200}\" data-widget_type=\"heading.default\">\n\t\t\t\t\t<h1 class=\"elementor-heading-title elementor-size-default\">pol\u00edtica de privacidad<\/h1>\t\t\t\t<\/div>\n\t\t\t\t<div class=\"elementor-element elementor-element-dd1657a elementor-invisible elementor-widget elementor-widget-heading\" data-id=\"dd1657a\" data-element_type=\"widget\" data-settings=\"{&quot;_animation&quot;:&quot;fadeInUp&quot;,&quot;_animation_delay&quot;:300}\" data-widget_type=\"heading.default\">\n\t\t\t\t\t<h4 class=\"elementor-heading-title elementor-size-default\">\u00daltima actualizaci\u00f3n: 3 de diciembre de 2025<\/h4>\t\t\t\t<\/div>\n\t\t\t\t\t<\/div>\n\t\t<\/div>\n\t\t\t\t\t<\/div>\n\t\t<\/section>\n\t\t<div class=\"elementor-element elementor-element-e3bd63e e-flex e-con-boxed e-con e-parent\" data-id=\"e3bd63e\" data-element_type=\"container\">\n\t\t\t\t\t<div class=\"e-con-inner\">\n\t\t\t\t<div class=\"elementor-element elementor-element-11c728a elementor-widget elementor-widget-text-editor\" data-id=\"11c728a\" data-element_type=\"widget\" data-widget_type=\"text-editor.default\">\n\t\t\t\t\t\t\t\t\t<p>En <strong>Puro resplandor<\/strong> (\u201cnosotros\u201d, \u201cnos\u201d o \u201cnuestro\u201d), su privacidad es importante para nosotros. Esta Pol\u00edtica de Privacidad explica c\u00f3mo recopilamos, usamos, protegemos y gestionamos su informaci\u00f3n personal cuando visita nuestro sitio web, reserva citas, compra productos o interact\u00faa con nuestros servicios.<\/p><h2 data-start=\"622\" data-end=\"654\"><strong data-start=\"625\" data-end=\"654\">1. Informaci\u00f3n que recopilamos<\/strong><\/h2><p data-start=\"656\" data-end=\"706\">Podemos recopilar los siguientes tipos de informaci\u00f3n:<\/p><h3 data-start=\"708\" data-end=\"736\"><strong data-start=\"712\" data-end=\"736\">Informaci\u00f3n personal<\/strong><\/h3><ul data-start=\"737\" data-end=\"910\"><li data-start=\"737\" data-end=\"745\"><p data-start=\"739\" data-end=\"745\">Nombre<\/p><\/li><li data-start=\"746\" data-end=\"763\"><p data-start=\"748\" data-end=\"763\">Direcci\u00f3n de correo electr\u00f3nico<\/p><\/li><li data-start=\"764\" data-end=\"780\"><p data-start=\"766\" data-end=\"780\">N\u00famero de tel\u00e9fono<\/p><\/li><li data-start=\"781\" data-end=\"813\"><p data-start=\"783\" data-end=\"813\">Direcci\u00f3n de facturaci\u00f3n y env\u00edo<\/p><\/li><li data-start=\"814\" data-end=\"837\"><p data-start=\"816\" data-end=\"837\">Detalles de la cita<\/p><\/li><li data-start=\"838\" data-end=\"910\"><p data-start=\"840\" data-end=\"910\">Informaci\u00f3n de pago (procesada de forma segura a trav\u00e9s de proveedores externos)<\/p><\/li><\/ul><h3 data-start=\"912\" data-end=\"941\"><strong data-start=\"916\" data-end=\"941\">Informaci\u00f3n t\u00e9cnica<\/strong><\/h3><ul data-start=\"942\" data-end=\"1052\"><li data-start=\"942\" data-end=\"956\"><p data-start=\"944\" data-end=\"956\">Direcci\u00f3n IP<\/p><\/li><li data-start=\"957\" data-end=\"973\"><p data-start=\"959\" data-end=\"973\">Tipo de navegador<\/p><\/li><li data-start=\"974\" data-end=\"996\"><p data-start=\"976\" data-end=\"996\">Informaci\u00f3n del dispositivo<\/p><\/li><li data-start=\"997\" data-end=\"1014\"><p data-start=\"999\" data-end=\"1014\">P\u00e1ginas visitadas<\/p><\/li><li data-start=\"1015\" data-end=\"1052\"><p data-start=\"1017\" data-end=\"1052\">Cookies y tecnolog\u00edas de seguimiento<\/p><\/li><\/ul><h3 data-start=\"1054\" data-end=\"1095\"><strong data-start=\"1058\" data-end=\"1093\">Informaci\u00f3n de salud o tratamiento<\/strong><\/h3><p data-start=\"1096\" data-end=\"1175\">S\u00f3lo cuando se preste voluntariamente para consultas, evaluaciones o citas.<\/p><h2 data-start=\"1182\" data-end=\"1219\"><strong data-start=\"1185\" data-end=\"1219\">2. C\u00f3mo usamos su informaci\u00f3n<\/strong><\/h2><p data-start=\"1221\" data-end=\"1248\">Utilizamos su informaci\u00f3n para:<\/p><ul data-start=\"1250\" data-end=\"1578\"><li data-start=\"1250\" data-end=\"1281\"><p data-start=\"1252\" data-end=\"1281\">Procesar pedidos y pagos<\/p><\/li><li data-start=\"1282\" data-end=\"1318\"><p data-start=\"1284\" data-end=\"1318\">Programar y gestionar citas<\/p><\/li><li data-start=\"1319\" data-end=\"1368\"><p data-start=\"1321\" data-end=\"1368\">Proporcionar recomendaciones personalizadas para el cuidado de la piel.<\/p><\/li><li data-start=\"1369\" data-end=\"1405\"><p data-start=\"1371\" data-end=\"1405\">Mejorar nuestro sitio web y nuestros servicios<\/p><\/li><li data-start=\"1406\" data-end=\"1439\"><p data-start=\"1408\" data-end=\"1439\">Responder a las consultas de los clientes<\/p><\/li><li data-start=\"1440\" data-end=\"1519\"><p data-start=\"1442\" data-end=\"1519\">Enviar actualizaciones, promociones o notificaciones de servicio (solo con su consentimiento)<\/p><\/li><li data-start=\"1520\" data-end=\"1578\"><p data-start=\"1522\" data-end=\"1578\">Mantener registros para fines legales y administrativos<\/p><\/li><\/ul><h2 data-start=\"1585\" data-end=\"1626\"><strong data-start=\"1588\" data-end=\"1626\">3. C\u00f3mo protegemos su informaci\u00f3n<\/strong><\/h2><p data-start=\"1628\" data-end=\"1725\">Implementamos medidas t\u00e9cnicas y organizativas apropiadas para salvaguardar sus datos, incluyendo:<\/p><ul data-start=\"1727\" data-end=\"1886\"><li data-start=\"1727\" data-end=\"1756\"><p data-start=\"1729\" data-end=\"1756\">Procesamiento de pagos seguro<\/p><\/li><li data-start=\"1757\" data-end=\"1788\"><p data-start=\"1759\" data-end=\"1788\">Conexiones cifradas (SSL)<\/p><\/li><li data-start=\"1789\" data-end=\"1834\"><p data-start=\"1791\" data-end=\"1834\">Acceso restringido a la informaci\u00f3n personal<\/p><\/li><li data-start=\"1835\" data-end=\"1886\"><p data-start=\"1837\" data-end=\"1886\">Monitoreo regular de vulnerabilidades de seguridad<\/p><\/li><\/ul><h2 data-start=\"1893\" data-end=\"1927\"><strong data-start=\"1896\" data-end=\"1927\">4. Compartir su informaci\u00f3n<\/strong><\/h2><p data-start=\"1929\" data-end=\"2019\">Nosotros lo hacemos <strong data-start=\"1935\" data-end=\"1942\">no<\/strong> vender o intercambiar su informaci\u00f3n personal.<br data-start=\"1983\" data-end=\"1986\" \/>Podemos compartir sus datos s\u00f3lo con:<\/p><ul data-start=\"2021\" data-end=\"2206\"><li data-start=\"2021\" data-end=\"2110\"><p data-start=\"2023\" data-end=\"2110\"><strong data-start=\"2023\" data-end=\"2052\">Proveedores de servicios de confianza<\/strong> (procesadores de pago, plataformas de reserva, servicios de correo electr\u00f3nico)<\/p><\/li><li data-start=\"2111\" data-end=\"2156\"><p data-start=\"2113\" data-end=\"2156\"><strong data-start=\"2113\" data-end=\"2134\">Autoridades legales<\/strong>, si as\u00ed lo exige la ley<\/p><\/li><li data-start=\"2157\" data-end=\"2206\"><p data-start=\"2159\" data-end=\"2206\"><strong data-start=\"2159\" data-end=\"2180\">Transportistas de env\u00edo<\/strong>, para entregas de productos<\/p><\/li><\/ul><p data-start=\"2208\" data-end=\"2288\">Todos los terceros est\u00e1n obligados a mantener su informaci\u00f3n confidencial y segura.<\/p><h2 data-start=\"2295\" data-end=\"2336\"><strong data-start=\"2298\" data-end=\"2336\">5. Cookies y tecnolog\u00edas de seguimiento<\/strong><\/h2><p data-start=\"2338\" data-end=\"2356\">Utilizamos cookies para:<\/p><ul data-start=\"2358\" data-end=\"2476\"><li data-start=\"2358\" data-end=\"2389\"><p data-start=\"2360\" data-end=\"2389\">Mejorar el rendimiento del sitio web<\/p><\/li><li data-start=\"2390\" data-end=\"2421\"><p data-start=\"2392\" data-end=\"2421\">Personaliza tu experiencia<\/p><\/li><li data-start=\"2422\" data-end=\"2449\"><p data-start=\"2424\" data-end=\"2449\">Analizar el tr\u00e1fico del sitio web<\/p><\/li><li data-start=\"2450\" data-end=\"2476\"><p data-start=\"2452\" data-end=\"2476\">Almacena tus preferencias<\/p><\/li><\/ul><p data-start=\"2478\" data-end=\"2596\">Puede desactivar las cookies en cualquier momento desde la configuraci\u00f3n de su navegador, aunque algunas caracter\u00edsticas del sitio pueden no funcionar correctamente.<\/p><h2 data-start=\"2603\" data-end=\"2624\"><strong data-start=\"2606\" data-end=\"2624\">6. Sus derechos<\/strong><\/h2><p data-start=\"2626\" data-end=\"2680\">Dependiendo de su ubicaci\u00f3n, usted puede tener derecho a:<\/p><ul data-start=\"2682\" data-end=\"2924\"><li data-start=\"2682\" data-end=\"2728\"><p data-start=\"2684\" data-end=\"2728\">Acceda a los datos personales que tenemos sobre usted<\/p><\/li><li data-start=\"2729\" data-end=\"2763\"><p data-start=\"2731\" data-end=\"2763\">Solicitar correcciones o actualizaciones<\/p><\/li><li data-start=\"2764\" data-end=\"2797\"><p data-start=\"2766\" data-end=\"2797\">Solicitar la eliminaci\u00f3n de sus datos<\/p><\/li><li data-start=\"2798\" data-end=\"2837\"><p data-start=\"2800\" data-end=\"2837\">Darse de baja de las comunicaciones de marketing<\/p><\/li><li data-start=\"2838\" data-end=\"2876\"><p data-start=\"2840\" data-end=\"2876\">Limitar u oponerse al tratamiento de datos<\/p><\/li><li data-start=\"2877\" data-end=\"2924\"><p data-start=\"2879\" data-end=\"2924\">Solicitar una copia de su informaci\u00f3n personal<\/p><\/li><\/ul><p data-start=\"2926\" data-end=\"2985\">Para ejercer estos derechos, cont\u00e1ctenos en: <strong data-start=\"2967\" data-end=\"2985\">info@purelowaesthetic.com<\/strong><\/p><h2 data-start=\"2992\" data-end=\"3016\"><strong data-start=\"2995\" data-end=\"3016\">7. Retenci\u00f3n de datos<\/strong><\/h2><p data-start=\"3018\" data-end=\"3078\">Conservamos informaci\u00f3n personal solo el tiempo que sea necesario para:<\/p><ul data-start=\"3080\" data-end=\"3215\"><li data-start=\"3080\" data-end=\"3130\"><p data-start=\"3082\" data-end=\"3130\">Cumplir con la finalidad para la cual fueron recopilados<\/p><\/li><li data-start=\"3131\" data-end=\"3164\"><p data-start=\"3133\" data-end=\"3164\">Cumplir con las obligaciones legales<\/p><\/li><li data-start=\"3165\" data-end=\"3185\"><p data-start=\"3167\" data-end=\"3185\">Resolver disputas<\/p><\/li><li data-start=\"3186\" data-end=\"3215\"><p data-start=\"3188\" data-end=\"3215\">Mantener registros comerciales<\/p><\/li><\/ul><h2 data-start=\"3222\" data-end=\"3249\"><strong data-start=\"3225\" data-end=\"3249\">8. Enlaces de terceros<\/strong><\/h2><p data-start=\"3251\" data-end=\"3442\">Nuestro sitio web puede contener enlaces a sitios de terceros. No nos responsabilizamos de las pr\u00e1cticas de privacidad ni del contenido de dichos sitios web. Recomendamos revisar sus pol\u00edticas de privacidad de forma independiente.<\/p><h2 data-start=\"3449\" data-end=\"3477\"><strong data-start=\"3452\" data-end=\"3477\">9. Privacidad de los ni\u00f1os<\/strong><\/h2><p data-start=\"3479\" data-end=\"3598\">Nuestros servicios no est\u00e1n destinados a personas menores de 16 a\u00f1os. No recopilamos intencionalmente informaci\u00f3n de menores.<\/p><h2 data-start=\"3605\" data-end=\"3638\"><strong data-start=\"3608\" data-end=\"3638\">10. Cambios a esta Pol\u00edtica<\/strong><\/h2><p data-start=\"3640\" data-end=\"3829\">Podemos actualizar esta Pol\u00edtica de Privacidad peri\u00f3dicamente. Cualquier cambio se publicar\u00e1 en esta p\u00e1gina con la fecha de &quot;\u00daltima actualizaci\u00f3n&quot; revisada. El uso continuado de nuestro sitio web implica la aceptaci\u00f3n de estos cambios.<\/p><h2 data-start=\"3836\" data-end=\"3857\"><strong data-start=\"3839\" data-end=\"3857\">11. Cont\u00e1ctenos<\/strong><\/h2><p data-start=\"3859\" data-end=\"3960\">Si tiene preguntas sobre esta Pol\u00edtica de privacidad o c\u00f3mo manejamos su informaci\u00f3n, cont\u00e1ctenos:<\/p><p data-start=\"3962\" data-end=\"4056\"><strong data-start=\"3962\" data-end=\"3972\">Correo electr\u00f3nico:<\/strong> info@purelowaesthetic.com<br data-start=\"3987\" data-end=\"3990\" \/><strong data-start=\"4018\" data-end=\"4030\">DIRECCI\u00d3N:<\/strong> 1442 Miami PL, Estados Unidos<\/p>\t\t\t\t\t\t\t\t<\/div>\n\t\t\t\t\t<\/div>\n\t\t\t\t<\/div>\n\t\t\t\t<\/div>","protected":false},"excerpt":{"rendered":"<p>Last Updated: December 3rd, 2025 At Pure Glow (\u201cwe,\u201d \u201cus,\u201d or \u201cour\u201d), your privacy is important to us. This Privacy Policy explains how we collect, use, protect, and handle your personal information when you visit our website, book appointments, purchase products, or interact with our services. 1. Information We Collect We may collect the following [&hellip;]<\/p>","protected":false},"author":1,"featured_media":0,"parent":0,"menu_order":0,"comment_status":"closed","ping_status":"closed","template":"elementor_header_footer","meta":{"inline_featured_image":false,"footnotes":""},"class_list":["post-217","page","type-page","status-publish","hentry"],"_hostinger_reach_plugin_has_subscription_block":false,"_hostinger_reach_plugin_is_elementor":false,"_links":{"self":[{"href":"https:\/\/pureglowaesthetic.com\/es\/wp-json\/wp\/v2\/pages\/217","targetHints":{"allow":["GET"]}}],"collection":[{"href":"https:\/\/pureglowaesthetic.com\/es\/wp-json\/wp\/v2\/pages"}],"about":[{"href":"https:\/\/pureglowaesthetic.com\/es\/wp-json\/wp\/v2\/types\/page"}],"author":[{"embeddable":true,"href":"https:\/\/pureglowaesthetic.com\/es\/wp-json\/wp\/v2\/users\/1"}],"replies":[{"embeddable":true,"href":"https:\/\/pureglowaesthetic.com\/es\/wp-json\/wp\/v2\/comments?post=217"}],"version-history":[{"count":22,"href":"https:\/\/pureglowaesthetic.com\/es\/wp-json\/wp\/v2\/pages\/217\/revisions"}],"predecessor-version":[{"id":529,"href":"https:\/\/pureglowaesthetic.com\/es\/wp-json\/wp\/v2\/pages\/217\/revisions\/529"}],"wp:attachment":[{"href":"https:\/\/pureglowaesthetic.com\/es\/wp-json\/wp\/v2\/media?parent=217"}],"curies":[{"name":"wp","href":"https:\/\/api.w.org\/{rel}","templated":true}]}}