{"id":222,"date":"2025-12-03T15:22:31","date_gmt":"2025-12-03T15:22:31","guid":{"rendered":"https:\/\/pureglowaesthetic.com\/?page_id=222"},"modified":"2025-12-03T20:04:41","modified_gmt":"2025-12-03T20:04:41","slug":"cookies-policy","status":"publish","type":"page","link":"https:\/\/pureglowaesthetic.com\/es\/cookies-policy\/","title":{"rendered":"Pol\u00edtica de cookies"},"content":{"rendered":"<div data-elementor-type=\"wp-page\" data-elementor-id=\"222\" class=\"elementor elementor-222\" data-elementor-post-type=\"page\">\n\t\t\t\t\t\t<section class=\"elementor-section elementor-top-section elementor-element elementor-element-40732da7 elementor-section-boxed elementor-section-height-default elementor-section-height-default\" data-id=\"40732da7\" data-element_type=\"section\" data-settings=\"{&quot;background_background&quot;:&quot;classic&quot;}\">\n\t\t\t\t\t\t\t<div class=\"elementor-background-overlay\"><\/div>\n\t\t\t\t\t\t\t<div class=\"elementor-container elementor-column-gap-default\">\n\t\t\t\t\t<div class=\"elementor-column elementor-col-100 elementor-top-column elementor-element elementor-element-41921627\" data-id=\"41921627\" data-element_type=\"column\">\n\t\t\t<div class=\"elementor-widget-wrap elementor-element-populated\">\n\t\t\t\t\t\t<div class=\"elementor-element elementor-element-102debd3 elementor-invisible elementor-widget elementor-widget-heading\" data-id=\"102debd3\" data-element_type=\"widget\" data-settings=\"{&quot;_animation&quot;:&quot;fadeInUp&quot;,&quot;_animation_delay&quot;:200}\" data-widget_type=\"heading.default\">\n\t\t\t\t\t<h1 class=\"elementor-heading-title elementor-size-default\">Pol\u00edtica de cookies<\/h1>\t\t\t\t<\/div>\n\t\t\t\t<div class=\"elementor-element elementor-element-4187b72a elementor-invisible elementor-widget elementor-widget-heading\" data-id=\"4187b72a\" data-element_type=\"widget\" data-settings=\"{&quot;_animation&quot;:&quot;fadeInUp&quot;,&quot;_animation_delay&quot;:300}\" data-widget_type=\"heading.default\">\n\t\t\t\t\t<h4 class=\"elementor-heading-title elementor-size-default\">\u00daltima actualizaci\u00f3n: 3 de diciembre de 2025<\/h4>\t\t\t\t<\/div>\n\t\t\t\t\t<\/div>\n\t\t<\/div>\n\t\t\t\t\t<\/div>\n\t\t<\/section>\n\t\t<div class=\"elementor-element elementor-element-7be3238f e-flex e-con-boxed e-con e-parent\" data-id=\"7be3238f\" data-element_type=\"container\">\n\t\t\t\t\t<div class=\"e-con-inner\">\n\t\t\t\t<div class=\"elementor-element elementor-element-3a6b01d4 elementor-widget elementor-widget-text-editor\" data-id=\"3a6b01d4\" data-element_type=\"widget\" data-widget_type=\"text-editor.default\">\n\t\t\t\t\t\t\t\t\t<p data-start=\"262\" data-end=\"482\">Esta Pol\u00edtica de Cookies explica c\u00f3mo Pure Glow (\u201cnosotros\u201d, \u201cnos\u201d o \u201cnuestro\u201d) utiliza cookies y tecnolog\u00edas de seguimiento similares en nuestro sitio web. Al continuar navegando o utilizando nuestro sitio, acepta el uso de cookies como se describe a continuaci\u00f3n.<\/p><h2 data-start=\"489\" data-end=\"516\"><strong data-start=\"492\" data-end=\"516\">1. \u00bfQu\u00e9 son las cookies?<\/strong><\/h2><p data-start=\"518\" data-end=\"728\">Las cookies son peque\u00f1os archivos de texto que se almacenan en tu dispositivo cuando visitas un sitio web. Ayudan a mejorar tu experiencia de navegaci\u00f3n, recuerdan tus preferencias y nos permiten analizar el rendimiento del sitio web y el comportamiento del usuario.<\/p><h2 data-start=\"735\" data-end=\"768\"><strong data-start=\"738\" data-end=\"768\">2. Tipos de cookies que utilizamos<\/strong><\/h2><h3 data-start=\"770\" data-end=\"797\"><strong data-start=\"774\" data-end=\"795\">Cookies esenciales<\/strong><\/h3><p data-start=\"798\" data-end=\"955\">Estas cookies son necesarias para el correcto funcionamiento del sitio web. Permiten funciones esenciales como la navegaci\u00f3n, la seguridad y el acceso a \u00e1reas protegidas.<\/p><h3 data-start=\"957\" data-end=\"998\"><strong data-start=\"961\" data-end=\"996\">Cookies de rendimiento y an\u00e1lisis<\/strong><\/h3><p data-start=\"999\" data-end=\"1158\">Estas cookies nos ayudan a comprender c\u00f3mo interact\u00faan los visitantes con nuestro sitio web mediante la recopilaci\u00f3n de datos an\u00f3nimos. Nos permiten mejorar el rendimiento y la experiencia del usuario.<\/p><h3 data-start=\"1160\" data-end=\"1191\"><strong data-start=\"1164\" data-end=\"1189\">Cookies de funcionalidad<\/strong><\/h3><p data-start=\"1192\" data-end=\"1315\">Estas cookies recuerdan sus preferencias (como idioma, regi\u00f3n o selecciones) para personalizar su experiencia en nuestro sitio.<\/p><h3 data-start=\"1317\" data-end=\"1358\"><strong data-start=\"1321\" data-end=\"1356\">Cookies de publicidad y marketing<\/strong><\/h3><p data-start=\"1359\" data-end=\"1549\">Estas cookies se pueden utilizar para ofrecer anuncios relevantes, realizar un seguimiento del rendimiento de las campa\u00f1as y ayudarnos a comprender sus intereses.<br data-start=\"1487\" data-end=\"1490\" \/>S\u00f3lo los utilizamos con su consentimiento (cuando sea legalmente requerido).<\/p><h2 data-start=\"1556\" data-end=\"1584\"><strong data-start=\"1559\" data-end=\"1584\">3. \u00bfPor qu\u00e9 utilizamos cookies?<\/strong><\/h2><p data-start=\"1586\" data-end=\"1604\">Utilizamos cookies para:<\/p><ul data-start=\"1606\" data-end=\"1909\"><li data-start=\"1606\" data-end=\"1659\"><p data-start=\"1608\" data-end=\"1659\">Mejore la velocidad, el rendimiento y la usabilidad del sitio web<\/p><\/li><li data-start=\"1660\" data-end=\"1705\"><p data-start=\"1662\" data-end=\"1705\">Comprender c\u00f3mo los visitantes navegan por el sitio<\/p><\/li><li data-start=\"1706\" data-end=\"1760\"><p data-start=\"1708\" data-end=\"1760\">Almacenar las preferencias del usuario y mejorar la personalizaci\u00f3n<\/p><\/li><li data-start=\"1761\" data-end=\"1802\"><p data-start=\"1763\" data-end=\"1802\">Seguimiento y medici\u00f3n de campa\u00f1as de marketing<\/p><\/li><li data-start=\"1803\" data-end=\"1853\"><p data-start=\"1805\" data-end=\"1853\">Facilitar inicios de sesi\u00f3n seguros o funciones de la cuenta<\/p><\/li><li data-start=\"1854\" data-end=\"1909\"><p data-start=\"1856\" data-end=\"1909\">Mejorar la navegaci\u00f3n de productos y la funcionalidad de pago<\/p><\/li><\/ul><h2 data-start=\"1916\" data-end=\"1945\"><strong data-start=\"1919\" data-end=\"1945\">4. Cookies de terceros<\/strong><\/h2><p data-start=\"1947\" data-end=\"2032\">Podemos permitir que servicios de terceros confiables coloquen cookies en su dispositivo, incluidos:<\/p><ul data-start=\"2034\" data-end=\"2166\"><li data-start=\"2034\" data-end=\"2082\"><p data-start=\"2036\" data-end=\"2082\">Proveedores de an\u00e1lisis (por ejemplo, Google Analytics)<\/p><\/li><li data-start=\"2083\" data-end=\"2133\"><p data-start=\"2085\" data-end=\"2133\">Plataformas publicitarias (por ejemplo, Meta, Google Ads)<\/p><\/li><li data-start=\"2134\" data-end=\"2166\"><p data-start=\"2136\" data-end=\"2166\">Servicios de pago y reserva<\/p><\/li><\/ul><p data-start=\"2168\" data-end=\"2279\">Estos terceros pueden recopilar informaci\u00f3n sobre su comportamiento de navegaci\u00f3n en nuestro sitio y en otros sitios web.<\/p><h2 data-start=\"2286\" data-end=\"2328\"><strong data-start=\"2289\" data-end=\"2328\">5. Gesti\u00f3n de sus preferencias de cookies<\/strong><\/h2><p data-start=\"2330\" data-end=\"2448\">Puede aceptar o rechazar las cookies en cualquier momento configurando su navegador. La mayor\u00eda de los navegadores le permiten:<\/p><ul data-start=\"2450\" data-end=\"2577\"><li data-start=\"2450\" data-end=\"2467\"><p data-start=\"2452\" data-end=\"2467\">Bloquear cookies<\/p><\/li><li data-start=\"2468\" data-end=\"2495\"><p data-start=\"2470\" data-end=\"2495\">Eliminar cookies existentes<\/p><\/li><li data-start=\"2496\" data-end=\"2542\"><p data-start=\"2498\" data-end=\"2542\">Recibir alertas cuando se utilizan cookies<\/p><\/li><li data-start=\"2543\" data-end=\"2577\"><p data-start=\"2545\" data-end=\"2577\">Limitar el uso de cookies de terceros<\/p><\/li><\/ul><p data-start=\"2579\" data-end=\"2693\">Tenga en cuenta:<br data-start=\"2591\" data-end=\"2594\" \/>La desactivaci\u00f3n de ciertas cookies puede afectar la funcionalidad del sitio web o su capacidad para acceder a algunas funciones.<\/p><h2 data-start=\"2700\" data-end=\"2729\"><strong data-start=\"2703\" data-end=\"2729\">6. Consentimiento para cookies<\/strong><\/h2><p data-start=\"2731\" data-end=\"2938\">Cuando visite nuestro sitio web por primera vez, es posible que vea un banner de cookies solicitando su consentimiento para las cookies no esenciales.<br data-start=\"2843\" data-end=\"2846\" \/>Puede cambiar o retirar su consentimiento en cualquier momento a trav\u00e9s de su navegador o la configuraci\u00f3n de cookies.<\/p><h2 data-start=\"2945\" data-end=\"2970\"><strong data-start=\"2948\" data-end=\"2970\">7. Protecci\u00f3n de datos<\/strong><\/h2><p data-start=\"2972\" data-end=\"3132\">Cualquier dato personal recopilado a trav\u00e9s de cookies se procesa de acuerdo con nuestra <strong data-start=\"3052\" data-end=\"3070\">pol\u00edtica de privacidad<\/strong>.<br data-start=\"3071\" data-end=\"3074\" \/>No almacenamos informaci\u00f3n personal confidencial en cookies.<\/p><h2 data-start=\"3139\" data-end=\"3178\"><strong data-start=\"3142\" data-end=\"3178\">8. Actualizaciones de esta Pol\u00edtica de Cookies<\/strong><\/h2><p data-start=\"3180\" data-end=\"3368\">Es posible que actualicemos esta Pol\u00edtica de cookies ocasionalmente para reflejar cambios en la tecnolog\u00eda, las regulaciones o nuestras pr\u00e1cticas.<br data-start=\"3290\" data-end=\"3293\" \/>Cualquier actualizaci\u00f3n se publicar\u00e1 en esta p\u00e1gina con una fecha de \u201c\u00daltima actualizaci\u00f3n\u201d revisada.<\/p><h2 data-start=\"3375\" data-end=\"3395\"><strong data-start=\"3378\" data-end=\"3395\">9. Cont\u00e1ctenos<\/strong><\/h2><p data-start=\"3397\" data-end=\"3481\">Si tiene preguntas sobre esta Pol\u00edtica de cookies o c\u00f3mo utilizamos las cookies, cont\u00e1ctenos en:<\/p><p data-start=\"3483\" data-end=\"3568\"><strong data-start=\"3483\" data-end=\"3493\">Correo electr\u00f3nico:<\/strong> info@purelowaesthetic.com<br data-start=\"3508\" data-end=\"3511\" \/><strong data-start=\"3539\" data-end=\"3551\">DIRECCI\u00d3N:<\/strong> 1442 Miami PL, Estados Unidos<\/p>\t\t\t\t\t\t\t\t<\/div>\n\t\t\t\t\t<\/div>\n\t\t\t\t<\/div>\n\t\t\t\t<\/div>","protected":false},"excerpt":{"rendered":"<p>Last Updated: December 3rd, 2025 This Cookie Policy explains how Pure Glow (\u201cwe,\u201d \u201cus,\u201d or \u201cour\u201d) uses cookies and similar tracking technologies on our website. By continuing to browse or use our site, you agree to the use of cookies as described below. 1. What Are Cookies? Cookies are small text files stored on your [&hellip;]<\/p>","protected":false},"author":1,"featured_media":0,"parent":0,"menu_order":0,"comment_status":"closed","ping_status":"closed","template":"elementor_header_footer","meta":{"inline_featured_image":false,"footnotes":""},"class_list":["post-222","page","type-page","status-publish","hentry"],"_hostinger_reach_plugin_has_subscription_block":false,"_hostinger_reach_plugin_is_elementor":false,"_links":{"self":[{"href":"https:\/\/pureglowaesthetic.com\/es\/wp-json\/wp\/v2\/pages\/222","targetHints":{"allow":["GET"]}}],"collection":[{"href":"https:\/\/pureglowaesthetic.com\/es\/wp-json\/wp\/v2\/pages"}],"about":[{"href":"https:\/\/pureglowaesthetic.com\/es\/wp-json\/wp\/v2\/types\/page"}],"author":[{"embeddable":true,"href":"https:\/\/pureglowaesthetic.com\/es\/wp-json\/wp\/v2\/users\/1"}],"replies":[{"embeddable":true,"href":"https:\/\/pureglowaesthetic.com\/es\/wp-json\/wp\/v2\/comments?post=222"}],"version-history":[{"count":13,"href":"https:\/\/pureglowaesthetic.com\/es\/wp-json\/wp\/v2\/pages\/222\/revisions"}],"predecessor-version":[{"id":546,"href":"https:\/\/pureglowaesthetic.com\/es\/wp-json\/wp\/v2\/pages\/222\/revisions\/546"}],"wp:attachment":[{"href":"https:\/\/pureglowaesthetic.com\/es\/wp-json\/wp\/v2\/media?parent=222"}],"curies":[{"name":"wp","href":"https:\/\/api.w.org\/{rel}","templated":true}]}}