{"id":224,"date":"2025-12-03T15:23:27","date_gmt":"2025-12-03T15:23:27","guid":{"rendered":"https:\/\/pureglowaesthetic.com\/?page_id=224"},"modified":"2025-12-03T20:13:20","modified_gmt":"2025-12-03T20:13:20","slug":"terms-and-conditions","status":"publish","type":"page","link":"https:\/\/pureglowaesthetic.com\/es\/terms-and-conditions\/","title":{"rendered":"T\u00e9rminos y condiciones"},"content":{"rendered":"<div data-elementor-type=\"wp-page\" data-elementor-id=\"224\" class=\"elementor elementor-224\" data-elementor-post-type=\"page\">\n\t\t\t\t\t\t<section class=\"elementor-section elementor-top-section elementor-element elementor-element-2e2651a2 elementor-section-boxed elementor-section-height-default elementor-section-height-default\" data-id=\"2e2651a2\" data-element_type=\"section\" data-settings=\"{&quot;background_background&quot;:&quot;classic&quot;}\">\n\t\t\t\t\t\t\t<div class=\"elementor-background-overlay\"><\/div>\n\t\t\t\t\t\t\t<div class=\"elementor-container elementor-column-gap-default\">\n\t\t\t\t\t<div class=\"elementor-column elementor-col-100 elementor-top-column elementor-element elementor-element-153abd3d\" data-id=\"153abd3d\" data-element_type=\"column\">\n\t\t\t<div class=\"elementor-widget-wrap elementor-element-populated\">\n\t\t\t\t\t\t<div class=\"elementor-element elementor-element-17251ce4 elementor-invisible elementor-widget elementor-widget-heading\" data-id=\"17251ce4\" data-element_type=\"widget\" data-settings=\"{&quot;_animation&quot;:&quot;fadeInUp&quot;,&quot;_animation_delay&quot;:200}\" data-widget_type=\"heading.default\">\n\t\t\t\t\t<h1 class=\"elementor-heading-title elementor-size-default\">T\u00e9rminos y condiciones<\/h1>\t\t\t\t<\/div>\n\t\t\t\t<div class=\"elementor-element elementor-element-2a1c1536 elementor-invisible elementor-widget elementor-widget-heading\" data-id=\"2a1c1536\" data-element_type=\"widget\" data-settings=\"{&quot;_animation&quot;:&quot;fadeInUp&quot;,&quot;_animation_delay&quot;:300}\" data-widget_type=\"heading.default\">\n\t\t\t\t\t<h4 class=\"elementor-heading-title elementor-size-default\">\u00daltima actualizaci\u00f3n: 3 de diciembre de 2025<\/h4>\t\t\t\t<\/div>\n\t\t\t\t\t<\/div>\n\t\t<\/div>\n\t\t\t\t\t<\/div>\n\t\t<\/section>\n\t\t<div class=\"elementor-element elementor-element-b153d21 e-flex e-con-boxed e-con e-parent\" data-id=\"b153d21\" data-element_type=\"container\">\n\t\t\t\t\t<div class=\"e-con-inner\">\n\t\t\t\t<div class=\"elementor-element elementor-element-2dca8446 elementor-widget elementor-widget-text-editor\" data-id=\"2dca8446\" data-element_type=\"widget\" data-widget_type=\"text-editor.default\">\n\t\t\t\t\t\t\t\t\t<p data-start=\"328\" data-end=\"545\">Bienvenido a Pure Glow. Al acceder o utilizar nuestro sitio web, tienda en l\u00ednea y servicios (el &quot;Sitio&quot;), usted acepta los siguientes T\u00e9rminos y Condiciones. L\u00e9alos detenidamente. Si no los acepta, le rogamos que no utilice nuestro Sitio.<\/p><h2 data-start=\"552\" data-end=\"577\"><strong data-start=\"555\" data-end=\"577\">1. Acerca de Pure Glow<\/strong><\/h2><p data-start=\"578\" data-end=\"743\">Pure Glow ofrece servicios de cuidado de la piel, tratamientos de belleza y venta de productos para el cuidado de la piel a trav\u00e9s de nuestro sitio web.<br data-start=\"689\" data-end=\"692\" \/>Los t\u00e9rminos \u201cnosotros\u201d, \u201cnos\u201d y \u201cnuestro\u201d se refieren a Pure Glow.<\/p><p data-start=\"745\" data-end=\"828\"><strong data-start=\"745\" data-end=\"755\">Correo electr\u00f3nico:<\/strong> <a class=\"decorated-link cursor-pointer\" rel=\"noopener\" data-start=\"756\" data-end=\"782\">info@purelowaesthetic.com<\/a><br data-start=\"782\" data-end=\"785\" \/><strong data-start=\"785\" data-end=\"797\">DIRECCI\u00d3N:<\/strong> 1442 Miami PL, Estados Unidos<\/p><h2 data-start=\"835\" data-end=\"863\"><strong data-start=\"838\" data-end=\"863\">2. Uso de nuestro sitio web<\/strong><\/h2><p data-start=\"864\" data-end=\"901\">Al utilizar este Sitio, usted confirma que:<\/p><ul data-start=\"903\" data-end=\"1051\"><li data-start=\"903\" data-end=\"936\"><p data-start=\"905\" data-end=\"936\">Tienes al menos 18 a\u00f1os<\/p><\/li><li data-start=\"937\" data-end=\"985\"><p data-start=\"939\" data-end=\"985\">Usted acepta cumplir con todas las leyes aplicables<\/p><\/li><li data-start=\"986\" data-end=\"1051\"><p data-start=\"988\" data-end=\"1051\">No har\u00e1 mal uso del Sitio con fines ilegales o da\u00f1inos.<\/p><\/li><\/ul><p data-start=\"1053\" data-end=\"1141\">Nos reservamos el derecho de restringir o cancelar el acceso a cualquier persona que viole estos T\u00e9rminos.<\/p><h2 data-start=\"1148\" data-end=\"1177\"><strong data-start=\"1151\" data-end=\"1177\">3. Pol\u00edtica de la tienda en l\u00ednea<\/strong><\/h2><p data-start=\"1178\" data-end=\"1255\">Ofrecemos productos para el cuidado de la piel y art\u00edculos relacionados con la belleza a trav\u00e9s de nuestra tienda online.<\/p><h3 data-start=\"1257\" data-end=\"1287\"><strong data-start=\"1261\" data-end=\"1285\">Descripciones de productos<\/strong><\/h3><p data-start=\"1288\" data-end=\"1508\">Nuestro objetivo es proporcionar informaci\u00f3n precisa sobre el producto, pero no podemos garantizar que las descripciones, los colores, los precios o la disponibilidad sean siempre perfectos.<br data-start=\"1431\" data-end=\"1434\" \/>Nos reservamos el derecho de corregir errores y actualizar la informaci\u00f3n en cualquier momento.<\/p><h3 data-start=\"1510\" data-end=\"1537\"><strong data-start=\"1514\" data-end=\"1535\">Pedidos y pagos<\/strong><\/h3><p data-start=\"1538\" data-end=\"1696\">Al realizar un pedido, usted acepta proporcionar informaci\u00f3n precisa y completa.<br data-start=\"1618\" data-end=\"1621\" \/>Todos los pagos se procesan de forma segura a trav\u00e9s de procesadores de terceros confiables.<\/p><p data-start=\"1698\" data-end=\"1722\">Nos reservamos el derecho a:<\/p><ul data-start=\"1724\" data-end=\"1815\"><li data-start=\"1724\" data-end=\"1754\"><p data-start=\"1726\" data-end=\"1754\">Cancelar o rechazar cualquier pedido<\/p><\/li><li data-start=\"1755\" data-end=\"1815\"><p data-start=\"1757\" data-end=\"1815\">Limite las cantidades por persona, por hogar o por pedido.<\/p><\/li><\/ul><h3 data-start=\"1817\" data-end=\"1834\"><strong data-start=\"1821\" data-end=\"1832\">Precios<\/strong><\/h3><p data-start=\"1835\" data-end=\"1929\">Los precios pueden cambiar sin previo aviso.<br data-start=\"1868\" data-end=\"1871\" \/>Las promociones y descuentos pueden estar sujetos a reglas espec\u00edficas.<\/p><h2 data-start=\"1936\" data-end=\"1969\"><strong data-start=\"1939\" data-end=\"1969\">4. Citas y servicios<\/strong><\/h2><p data-start=\"1970\" data-end=\"2018\">Pure Glow ofrece tratamientos de belleza y cuidado de la piel.<\/p><p data-start=\"2020\" data-end=\"2060\">Al reservar una cita, usted acepta:<\/p><ul data-start=\"2062\" data-end=\"2161\"><li data-start=\"2062\" data-end=\"2094\"><p data-start=\"2064\" data-end=\"2094\">Proporcionar informaci\u00f3n veraz<\/p><\/li><li data-start=\"2095\" data-end=\"2113\"><p data-start=\"2097\" data-end=\"2113\">Llegar a tiempo<\/p><\/li><li data-start=\"2114\" data-end=\"2161\"><p data-start=\"2116\" data-end=\"2161\">Siga las instrucciones previas y posteriores al tratamiento.<\/p><\/li><\/ul><p data-start=\"2163\" data-end=\"2314\">Nos reservamos el derecho de reprogramar o cancelar citas cuando sea necesario.<br data-start=\"2236\" data-end=\"2239\" \/>Las citas perdidas o tard\u00edas pueden estar sujetas a cargos de acuerdo con nuestra pol\u00edtica.<\/p><h2 data-start=\"2321\" data-end=\"2348\"><strong data-start=\"2324\" data-end=\"2348\">5. Aviso legal sobre salud<\/strong><\/h2><p data-start=\"2349\" data-end=\"2449\">Nuestros tratamientos de cuidado de la piel son servicios cosm\u00e9ticos y no m\u00e9dicos.<br data-start=\"2411\" data-end=\"2414\" \/>Los resultados var\u00edan de persona a persona.<\/p><p data-start=\"2451\" data-end=\"2484\">Pure Glow no es responsable de:<\/p><ul data-start=\"2486\" data-end=\"2631\"><li data-start=\"2486\" data-end=\"2538\"><p data-start=\"2488\" data-end=\"2538\">Reacciones al\u00e9rgicas debidas a condiciones no reveladas<\/p><\/li><li data-start=\"2539\" data-end=\"2586\"><p data-start=\"2541\" data-end=\"2586\">Mal uso de los productos adquiridos en nuestra tienda<\/p><\/li><li data-start=\"2587\" data-end=\"2631\"><p data-start=\"2589\" data-end=\"2631\">Incumplimiento de las instrucciones de cuidados posteriores<\/p><\/li><\/ul><p data-start=\"2633\" data-end=\"2703\">Siempre consulte a un profesional de la salud si tiene inquietudes m\u00e9dicas.<\/p><h2 data-start=\"2710\" data-end=\"2741\"><strong data-start=\"2713\" data-end=\"2741\">6. Propiedad intelectual<\/strong><\/h2><p data-start=\"2742\" data-end=\"2881\">Todo el contenido de este sitio, incluidos textos, gr\u00e1ficos, logotipos, im\u00e1genes y dise\u00f1os, es propiedad de Pure Glow y est\u00e1 protegido por las leyes de derechos de autor.<\/p><p data-start=\"2883\" data-end=\"2895\">No puedes:<\/p><ul data-start=\"2897\" data-end=\"3012\"><li data-start=\"2897\" data-end=\"2905\"><p data-start=\"2899\" data-end=\"2905\">Copiar<\/p><\/li><li data-start=\"2906\" data-end=\"2920\"><p data-start=\"2908\" data-end=\"2920\">Distribuir<\/p><\/li><li data-start=\"2921\" data-end=\"2931\"><p data-start=\"2923\" data-end=\"2931\">Modificar<\/p><\/li><li data-start=\"2932\" data-end=\"2945\"><p data-start=\"2934\" data-end=\"2945\">Reproducir<\/p><\/li><li data-start=\"2946\" data-end=\"3012\"><p data-start=\"2948\" data-end=\"3012\">Utilizar el contenido con fines comerciales sin permiso por escrito<\/p><\/li><\/ul><h2 data-start=\"3019\" data-end=\"3046\"><strong data-start=\"3022\" data-end=\"3046\">7. Enlaces de terceros<\/strong><\/h2><p data-start=\"3047\" data-end=\"3186\">Nuestro Sitio puede contener enlaces a sitios web de terceros.<br data-start=\"3098\" data-end=\"3101\" \/>No somos responsables del contenido, las pr\u00e1cticas de privacidad o las acciones de esos sitios.<\/p><h2 data-start=\"3193\" data-end=\"3216\"><strong data-start=\"3196\" data-end=\"3216\">8. Cuentas de usuario<\/strong><\/h2><p data-start=\"3217\" data-end=\"3267\">Si crea una cuenta, usted es responsable de:<\/p><ul data-start=\"3269\" data-end=\"3402\"><li data-start=\"3269\" data-end=\"3310\"><p data-start=\"3271\" data-end=\"3310\">Mantener segura su informaci\u00f3n de inicio de sesi\u00f3n<\/p><\/li><li data-start=\"3311\" data-end=\"3356\"><p data-start=\"3313\" data-end=\"3356\">Garantizar que todos los detalles de la cuenta sean precisos<\/p><\/li><li data-start=\"3357\" data-end=\"3402\"><p data-start=\"3359\" data-end=\"3402\">Cualquier actividad que ocurra bajo su inicio de sesi\u00f3n<\/p><\/li><\/ul><p data-start=\"3404\" data-end=\"3464\">Podemos eliminar o suspender cuentas que violen nuestras pol\u00edticas.<\/p><h2 data-start=\"3471\" data-end=\"3504\"><strong data-start=\"3474\" data-end=\"3504\">9. Limitaci\u00f3n de responsabilidad<\/strong><\/h2><p data-start=\"3505\" data-end=\"3544\">En la m\u00e1xima medida permitida por la ley:<\/p><ul data-start=\"3546\" data-end=\"3740\"><li data-start=\"3546\" data-end=\"3665\"><p data-start=\"3548\" data-end=\"3665\">Pure Glow no es responsable de ning\u00fan da\u00f1o resultante del uso o la imposibilidad de usar nuestro Sitio, productos o servicios.<\/p><\/li><li data-start=\"3666\" data-end=\"3740\"><p data-start=\"3668\" data-end=\"3740\">No garantizamos el funcionamiento ininterrumpido o libre de errores del Sitio.<\/p><\/li><\/ul><p data-start=\"3742\" data-end=\"3783\">Su uso del Sitio se realiza bajo su propio riesgo.<\/p><h2 data-start=\"3790\" data-end=\"3816\"><strong data-start=\"3793\" data-end=\"3816\">10. Indemnizaci\u00f3n<\/strong><\/h2><p data-start=\"3817\" data-end=\"3986\">Usted acepta indemnizar y eximir de responsabilidad a Pure Glow, sus empleados y socios de cualquier reclamo o da\u00f1o que surja de su uso del Sitio o de la violaci\u00f3n de estos T\u00e9rminos.<\/p><h2 data-start=\"3993\" data-end=\"4021\"><strong data-start=\"3996\" data-end=\"4021\">11. Devoluciones y reembolsos<\/strong><\/h2><p data-start=\"4022\" data-end=\"4153\">Nuestras pol\u00edticas de devoluci\u00f3n y reembolso est\u00e1n disponibles en el Sitio.<br data-start=\"4079\" data-end=\"4082\" \/>Al comprar en Pure Glow, usted acepta los t\u00e9rminos de esas pol\u00edticas.<\/p><h2 data-start=\"4160\" data-end=\"4185\"><strong data-start=\"4163\" data-end=\"4185\">12. Pol\u00edtica de privacidad<\/strong><\/h2><p data-start=\"4186\" data-end=\"4327\">Su uso de nuestro Sitio tambi\u00e9n se rige por nuestras <strong data-start=\"4231\" data-end=\"4249\">pol\u00edtica de privacidad<\/strong> y <strong data-start=\"4254\" data-end=\"4271\">Pol\u00edtica de cookies<\/strong>, que explican c\u00f3mo recopilamos y usamos su informaci\u00f3n.<\/p><h2 data-start=\"4334\" data-end=\"4367\"><strong data-start=\"4337\" data-end=\"4367\">13. Cambios a estos T\u00e9rminos<\/strong><\/h2><p data-start=\"4368\" data-end=\"4551\">Podemos actualizar estos T\u00e9rminos y Condiciones en cualquier momento.<br data-start=\"4419\" data-end=\"4422\" \/>Todos los cambios entran en vigor inmediatamente una vez publicados en el Sitio.<br data-start=\"4482\" data-end=\"4485\" \/>Su uso continuo del Sitio significa que acepta los t\u00e9rminos actualizados.<\/p><h2 data-start=\"4558\" data-end=\"4579\"><strong data-start=\"4561\" data-end=\"4579\">14. Cont\u00e1ctenos<\/strong><\/h2><p data-start=\"4580\" data-end=\"4653\">Si tiene preguntas sobre estos T\u00e9rminos y Condiciones, puede contactarnos:<\/p><p data-start=\"4655\" data-end=\"4738\"><strong data-start=\"4655\" data-end=\"4665\">Correo electr\u00f3nico:<\/strong> <a class=\"decorated-link cursor-pointer\" rel=\"noopener\" data-start=\"4666\" data-end=\"4692\">info@purelowaesthetic.com<\/a><br data-start=\"4692\" data-end=\"4695\" \/><strong data-start=\"4695\" data-end=\"4707\">DIRECCI\u00d3N:<\/strong> 1442 Miami PL, Estados Unidos<\/p>\t\t\t\t\t\t\t\t<\/div>\n\t\t\t\t\t<\/div>\n\t\t\t\t<\/div>\n\t\t\t\t<\/div>","protected":false},"excerpt":{"rendered":"<p>Last Updated: December 3rd, 2025 Welcome to Pure Glow. By accessing or using our website, online store, and services (\u201cSite\u201d), you agree to the following Terms &amp; Conditions. Please read them carefully. If you do not agree, please do not use our Site. 1. About Pure Glow Pure Glow provides skincare services, beauty treatments, and [&hellip;]<\/p>","protected":false},"author":1,"featured_media":0,"parent":0,"menu_order":0,"comment_status":"closed","ping_status":"closed","template":"elementor_header_footer","meta":{"inline_featured_image":false,"footnotes":""},"class_list":["post-224","page","type-page","status-publish","hentry"],"_hostinger_reach_plugin_has_subscription_block":false,"_hostinger_reach_plugin_is_elementor":false,"_links":{"self":[{"href":"https:\/\/pureglowaesthetic.com\/es\/wp-json\/wp\/v2\/pages\/224","targetHints":{"allow":["GET"]}}],"collection":[{"href":"https:\/\/pureglowaesthetic.com\/es\/wp-json\/wp\/v2\/pages"}],"about":[{"href":"https:\/\/pureglowaesthetic.com\/es\/wp-json\/wp\/v2\/types\/page"}],"author":[{"embeddable":true,"href":"https:\/\/pureglowaesthetic.com\/es\/wp-json\/wp\/v2\/users\/1"}],"replies":[{"embeddable":true,"href":"https:\/\/pureglowaesthetic.com\/es\/wp-json\/wp\/v2\/comments?post=224"}],"version-history":[{"count":16,"href":"https:\/\/pureglowaesthetic.com\/es\/wp-json\/wp\/v2\/pages\/224\/revisions"}],"predecessor-version":[{"id":565,"href":"https:\/\/pureglowaesthetic.com\/es\/wp-json\/wp\/v2\/pages\/224\/revisions\/565"}],"wp:attachment":[{"href":"https:\/\/pureglowaesthetic.com\/es\/wp-json\/wp\/v2\/media?parent=224"}],"curies":[{"name":"wp","href":"https:\/\/api.w.org\/{rel}","templated":true}]}}