{"id":768,"date":"2025-12-03T23:26:10","date_gmt":"2025-12-03T23:26:10","guid":{"rendered":"https:\/\/pureglowaesthetic.com\/?post_type=product&#038;p=768"},"modified":"2025-12-04T04:44:53","modified_gmt":"2025-12-04T04:44:53","slug":"hydroglow-facial-170-%c2%b7-1-hr","status":"publish","type":"product","link":"https:\/\/pureglowaesthetic.com\/es\/producto\/hydroglow-facial-170-%c2%b7-1-hr\/","title":{"rendered":"Facial Hydroglow \u2014 $170 \u00b7 1 hora"},"content":{"rendered":"<p>Un facial de hidrodermoabrasi\u00f3n (Zemits) que limpia, exfolia e infunde sueros hidratantes. Incluye extracci\u00f3n suave, mascarilla calmante, tratamiento de alta frecuencia y protecci\u00f3n final.<\/p>\n<p><strong>Beneficios:<\/strong> Limpieza profunda, hidrataci\u00f3n visible, poros y textura reducidos, piel m\u00e1s suave y radiante. <strong>Ideal para: <\/strong>Poros visibles, deshidrataci\u00f3n, piel apagada, piel congestionada sin irritaci\u00f3n.<\/p>","protected":false},"excerpt":{"rendered":"<p>Hidrataci\u00f3n intensiva. Brillo instant\u00e1neo. Renovaci\u00f3n suave.<\/p>","protected":false},"featured_media":769,"comment_status":"open","ping_status":"closed","template":"","meta":{"inline_featured_image":false},"product_brand":[],"product_cat":[31],"product_tag":[],"class_list":{"0":"post-768","1":"product","2":"type-product","3":"status-publish","4":"has-post-thumbnail","6":"product_cat-facial-treatments","8":"first","9":"instock","10":"virtual","11":"sold-individually","12":"purchasable","13":"product-type-booking"},"_links":{"self":[{"href":"https:\/\/pureglowaesthetic.com\/es\/wp-json\/wp\/v2\/product\/768","targetHints":{"allow":["GET"]}}],"collection":[{"href":"https:\/\/pureglowaesthetic.com\/es\/wp-json\/wp\/v2\/product"}],"about":[{"href":"https:\/\/pureglowaesthetic.com\/es\/wp-json\/wp\/v2\/types\/product"}],"replies":[{"embeddable":true,"href":"https:\/\/pureglowaesthetic.com\/es\/wp-json\/wp\/v2\/comments?post=768"}],"wp:featuredmedia":[{"embeddable":true,"href":"https:\/\/pureglowaesthetic.com\/es\/wp-json\/wp\/v2\/media\/769"}],"wp:attachment":[{"href":"https:\/\/pureglowaesthetic.com\/es\/wp-json\/wp\/v2\/media?parent=768"}],"wp:term":[{"taxonomy":"product_brand","embeddable":true,"href":"https:\/\/pureglowaesthetic.com\/es\/wp-json\/wp\/v2\/product_brand?post=768"},{"taxonomy":"product_cat","embeddable":true,"href":"https:\/\/pureglowaesthetic.com\/es\/wp-json\/wp\/v2\/product_cat?post=768"},{"taxonomy":"product_tag","embeddable":true,"href":"https:\/\/pureglowaesthetic.com\/es\/wp-json\/wp\/v2\/product_tag?post=768"}],"curies":[{"name":"wp","href":"https:\/\/api.w.org\/{rel}","templated":true}]}}