{"id":781,"date":"2025-12-03T23:49:55","date_gmt":"2025-12-03T23:49:55","guid":{"rendered":"https:\/\/pureglowaesthetic.com\/?post_type=product&#038;p=781"},"modified":"2025-12-04T04:54:07","modified_gmt":"2025-12-04T04:54:07","slug":"biorepeel-cl3-peeling-210-%c2%b7-45-min","status":"publish","type":"product","link":"https:\/\/pureglowaesthetic.com\/es\/producto\/biorepeel-cl3-peeling-210-%c2%b7-45-min\/","title":{"rendered":"Peeling BioRePeel CL3 \u2014 $210 \u00b7 45 min"},"content":{"rendered":"<p>Peeling m\u00e9dico bif\u00e1sico que exfolia profundamente sin descamaci\u00f3n visible. Mejora la textura, el tono y la luminosidad, a la vez que reduce los poros y suaviza las l\u00edneas de expresi\u00f3n.<\/p>\n<p>Beneficios: Renovaci\u00f3n inmediata, mejora el tono y la pigmentaci\u00f3n, suaviza la textura, minimiza los poros, sin tiempo de recuperaci\u00f3n. Ideal para: Manchas, textura irregular, piel opaca y poros dilatados.<\/p>","protected":false},"excerpt":{"rendered":"<p>Renovaci\u00f3n sin descamaci\u00f3n. Luminosidad instant\u00e1nea.<\/p>","protected":false},"featured_media":782,"comment_status":"open","ping_status":"closed","template":"","meta":{"inline_featured_image":false},"product_brand":[],"product_cat":[33],"product_tag":[],"class_list":{"0":"post-781","1":"product","2":"type-product","3":"status-publish","4":"has-post-thumbnail","6":"product_cat-advanced-skin-treatment","8":"first","9":"instock","10":"virtual","11":"sold-individually","12":"purchasable","13":"product-type-booking"},"_links":{"self":[{"href":"https:\/\/pureglowaesthetic.com\/es\/wp-json\/wp\/v2\/product\/781","targetHints":{"allow":["GET"]}}],"collection":[{"href":"https:\/\/pureglowaesthetic.com\/es\/wp-json\/wp\/v2\/product"}],"about":[{"href":"https:\/\/pureglowaesthetic.com\/es\/wp-json\/wp\/v2\/types\/product"}],"replies":[{"embeddable":true,"href":"https:\/\/pureglowaesthetic.com\/es\/wp-json\/wp\/v2\/comments?post=781"}],"wp:featuredmedia":[{"embeddable":true,"href":"https:\/\/pureglowaesthetic.com\/es\/wp-json\/wp\/v2\/media\/782"}],"wp:attachment":[{"href":"https:\/\/pureglowaesthetic.com\/es\/wp-json\/wp\/v2\/media?parent=781"}],"wp:term":[{"taxonomy":"product_brand","embeddable":true,"href":"https:\/\/pureglowaesthetic.com\/es\/wp-json\/wp\/v2\/product_brand?post=781"},{"taxonomy":"product_cat","embeddable":true,"href":"https:\/\/pureglowaesthetic.com\/es\/wp-json\/wp\/v2\/product_cat?post=781"},{"taxonomy":"product_tag","embeddable":true,"href":"https:\/\/pureglowaesthetic.com\/es\/wp-json\/wp\/v2\/product_tag?post=781"}],"curies":[{"name":"wp","href":"https:\/\/api.w.org\/{rel}","templated":true}]}}