{"id":789,"date":"2025-12-04T00:06:15","date_gmt":"2025-12-04T00:06:15","guid":{"rendered":"https:\/\/pureglowaesthetic.com\/?post_type=product&#038;p=789"},"modified":"2025-12-04T05:00:14","modified_gmt":"2025-12-04T05:00:14","slug":"scalp-microneedling-350-%c2%b7-45-min","status":"publish","type":"product","link":"https:\/\/pureglowaesthetic.com\/es\/producto\/scalp-microneedling-350-%c2%b7-45-min\/","title":{"rendered":"Microagujas para el cuero cabelludo \u2014 $350 \u00b7 45 min"},"content":{"rendered":"<p><strong>Beneficios:<\/strong> Mayor densidad, mejor salud de los fol\u00edculos, menor ca\u00edda del cabello. <strong>Ideal para:<\/strong> Cabello debilitado, p\u00e9rdida de cabello leve a moderada, l\u00edneas de crecimiento d\u00e9biles.<\/p>","protected":false},"excerpt":{"rendered":"<p>Microagujas del cuero cabelludo para estimular la circulaci\u00f3n, fortalecer los fol\u00edculos y mejorar el crecimiento del cabello.<\/p>","protected":false},"featured_media":790,"comment_status":"open","ping_status":"closed","template":"","meta":{"inline_featured_image":false},"product_brand":[],"product_cat":[34],"product_tag":[],"class_list":{"0":"post-789","1":"product","2":"type-product","3":"status-publish","4":"has-post-thumbnail","6":"product_cat-scalp-hair-treatments","8":"first","9":"instock","10":"virtual","11":"sold-individually","12":"purchasable","13":"product-type-booking"},"_links":{"self":[{"href":"https:\/\/pureglowaesthetic.com\/es\/wp-json\/wp\/v2\/product\/789","targetHints":{"allow":["GET"]}}],"collection":[{"href":"https:\/\/pureglowaesthetic.com\/es\/wp-json\/wp\/v2\/product"}],"about":[{"href":"https:\/\/pureglowaesthetic.com\/es\/wp-json\/wp\/v2\/types\/product"}],"replies":[{"embeddable":true,"href":"https:\/\/pureglowaesthetic.com\/es\/wp-json\/wp\/v2\/comments?post=789"}],"wp:featuredmedia":[{"embeddable":true,"href":"https:\/\/pureglowaesthetic.com\/es\/wp-json\/wp\/v2\/media\/790"}],"wp:attachment":[{"href":"https:\/\/pureglowaesthetic.com\/es\/wp-json\/wp\/v2\/media?parent=789"}],"wp:term":[{"taxonomy":"product_brand","embeddable":true,"href":"https:\/\/pureglowaesthetic.com\/es\/wp-json\/wp\/v2\/product_brand?post=789"},{"taxonomy":"product_cat","embeddable":true,"href":"https:\/\/pureglowaesthetic.com\/es\/wp-json\/wp\/v2\/product_cat?post=789"},{"taxonomy":"product_tag","embeddable":true,"href":"https:\/\/pureglowaesthetic.com\/es\/wp-json\/wp\/v2\/product_tag?post=789"}],"curies":[{"name":"wp","href":"https:\/\/api.w.org\/{rel}","templated":true}]}}