{"id":791,"date":"2025-12-04T00:09:12","date_gmt":"2025-12-04T00:09:12","guid":{"rendered":"https:\/\/pureglowaesthetic.com\/?post_type=product&#038;p=791"},"modified":"2025-12-04T05:01:49","modified_gmt":"2025-12-04T05:01:49","slug":"head-scalp-massage-90-%c2%b7-30-min","status":"publish","type":"product","link":"https:\/\/pureglowaesthetic.com\/es\/producto\/head-scalp-massage-90-%c2%b7-30-min\/","title":{"rendered":"Masaje de cabeza y cuero cabelludo \u2014 $90 \u00b7 30 min"},"content":{"rendered":"<p><strong>Beneficios:<\/strong> Relajaci\u00f3n profunda, circulaci\u00f3n estimulada, cuero cabelludo m\u00e1s saludable.<strong> Ideal para:<\/strong> Estr\u00e9s, tensi\u00f3n en el cuello, cualquier persona que busque una relajaci\u00f3n inmediata.<\/p>","protected":false},"excerpt":{"rendered":"<p>Un masaje relajante que libera tensiones, mejora la circulaci\u00f3n del cuero cabelludo y promueve la salud del cabello.<\/p>","protected":false},"featured_media":792,"comment_status":"open","ping_status":"closed","template":"","meta":{"inline_featured_image":false},"product_brand":[],"product_cat":[34],"product_tag":[],"class_list":{"0":"post-791","1":"product","2":"type-product","3":"status-publish","4":"has-post-thumbnail","6":"product_cat-scalp-hair-treatments","8":"first","9":"instock","10":"virtual","11":"sold-individually","12":"purchasable","13":"product-type-booking"},"_links":{"self":[{"href":"https:\/\/pureglowaesthetic.com\/es\/wp-json\/wp\/v2\/product\/791","targetHints":{"allow":["GET"]}}],"collection":[{"href":"https:\/\/pureglowaesthetic.com\/es\/wp-json\/wp\/v2\/product"}],"about":[{"href":"https:\/\/pureglowaesthetic.com\/es\/wp-json\/wp\/v2\/types\/product"}],"replies":[{"embeddable":true,"href":"https:\/\/pureglowaesthetic.com\/es\/wp-json\/wp\/v2\/comments?post=791"}],"wp:featuredmedia":[{"embeddable":true,"href":"https:\/\/pureglowaesthetic.com\/es\/wp-json\/wp\/v2\/media\/792"}],"wp:attachment":[{"href":"https:\/\/pureglowaesthetic.com\/es\/wp-json\/wp\/v2\/media?parent=791"}],"wp:term":[{"taxonomy":"product_brand","embeddable":true,"href":"https:\/\/pureglowaesthetic.com\/es\/wp-json\/wp\/v2\/product_brand?post=791"},{"taxonomy":"product_cat","embeddable":true,"href":"https:\/\/pureglowaesthetic.com\/es\/wp-json\/wp\/v2\/product_cat?post=791"},{"taxonomy":"product_tag","embeddable":true,"href":"https:\/\/pureglowaesthetic.com\/es\/wp-json\/wp\/v2\/product_tag?post=791"}],"curies":[{"name":"wp","href":"https:\/\/api.w.org\/{rel}","templated":true}]}}